{"id":17113,"date":"2018-05-24T14:17:26","date_gmt":"2018-05-24T12:17:26","guid":{"rendered":"https:\/\/dbh-group.com\/?page_id=17113"},"modified":"2018-05-24T14:36:53","modified_gmt":"2018-05-24T12:36:53","slug":"cookie-tajekoztato","status":"publish","type":"page","link":"https:\/\/dbh-group.com\/blog\/?page_id=17113&lang=hu","title":{"rendered":"Cookie T\u00e1j\u00e9koztat\u00f3"},"content":{"rendered":"<p>A Port\u00e1l b\u00f6ng\u00e9sz\u00e9se sor\u00e1n cookie-kat, m\u00e1sn\u00e9ven s\u00fctiket, azaz kism\u00e9ret\u0171 egyedi sz\u00f6veges inform\u00e1ci\u00f3s f\u00e1jlokat helyez\u00fcnk el az \u00d6n sz\u00e1m\u00edt\u00f3g\u00e9p\u00e9nek b\u00f6ng\u00e9sz\u0151j\u00e9ben.<\/p>\n<p>A cookie-kat abb\u00f3l a c\u00e9lb\u00f3l kezelj\u00fck, hogy t\u00f6bbet megtudjunk az \u00d6n inform\u00e1ci\u00f3haszn\u00e1lati szok\u00e1sair\u00f3l \u00e9s \u00edgy, jav\u00edthassuk szolg\u00e1ltat\u00e1sai sz\u00ednvonal\u00e1t, valamint a Port\u00e1l l\u00e1togat\u00e1sa sor\u00e1n testreszabott oldalakat, marketing (rekl\u00e1m) anyagokat jelentessen meg.<\/p>\n<p>\u00d6nnek nem k\u00f6teles enged\u00e9lyezni a cookie elhelyez\u00e9s\u00e9t a sz\u00e1m\u00edt\u00f3g\u00e9p\u00e9n. Felh\u00edvjuk ugyanakkor a figyelm\u00e9t arra, hogy a cookie-k n\u00f6velik a felhaszn\u00e1l\u00f3i \u00e9lm\u00e9nyt \u00e9s a funkcionalit\u00e1st, illetve el\u0151fordulhat, hogy a cookie-k letilt\u00e1sa eset\u00e9n egyes szolg\u00e1ltat\u00e1sok nem fognak megfelel\u0151en m\u0171k\u00f6dni.<\/p>\n<p><strong>Milyen cookie-kat haszn\u00e1lunk?<\/strong><\/p>\n<p>Vannak olyan cookie-k, amelyeket mindenk\u00e9ppen t\u00e1rolnunk kell, mert ezek n\u00e9lk\u00fcl a Port\u00e1l nem tud m\u0171k\u00f6dni. Ezek az <strong><u>\u00fan. technikailag sz\u00fcks\u00e9ges s\u00fctik<\/u>. Ezeket a s\u00fctiket az \u00d6n enged\u00e9lye n\u00e9lk\u00fcl is jogosultak vagyunk haszn\u00e1lni.<\/strong><\/p>\n<ul>\n<li><strong>az \u00d6n \u00e1ltal \u00e1ltal r\u00f6gz\u00edtett adatokat t\u00e1rol\u00f3 s\u00fctik: <\/strong>A b\u00f6ng\u00e9sz\u0151 bez\u00e1r\u00e1s\u00e1val ezek a cookie-k automatikusan t\u00f6rl\u0151dnek az \u00d6n sz\u00e1m\u00edt\u00f3g\u00e9pr\u0151l.\u00a0 Ezek a cookie-k csak az \u00d6n sz\u00e1m\u00edt\u00f3g\u00e9p\u00e9nek azonos\u00edt\u00e1s\u00e1ra szolg\u00e1lnak, szem\u00e9ly\u00e9re vonatkoz\u00f3 inform\u00e1ci\u00f3t nem t\u00e1rolnak.<\/li>\n<li><strong>felhaszn\u00e1l\u00f3i fel\u00fclet testreszab\u00e1s\u00e1t seg\u00edt\u0151 s\u00fctik<\/strong>et arra haszn\u00e1ljuk, hogy weboldalakon kereszt\u00fcl t\u00e1roljuk a szolg\u00e1ltat\u00e1ssal kapcsolatos azon felhaszn\u00e1l\u00f3 preferenci\u00e1kat, amelyek nem kapcsol\u00f3dnak m\u00e1s \u00e1lland\u00f3 azonos\u00edt\u00f3khoz, \u00edgy p\u00e9ld\u00e1ul felhaszn\u00e1l\u00f3n\u00e9vhez. (P\u00e9ld\u00e1ul a k\u00edv\u00e1nt nyelvre vonatkoz\u00f3 s\u00fctik).<\/li>\n<\/ul>\n<p><strong><u>Vannak olyan s\u00fctik, amelyeket kiz\u00e1r\u00f3lag az \u00d6n el\u0151zetes hozz\u00e1j\u00e1rul\u00e1sa eset\u00e9n haszn\u00e1lhatunk. Ezek az al\u00e1bbiak:<\/u><\/strong><\/p>\n<ul>\n<li><strong>Cookie-k a teljes\u00edtm\u00e9ny n\u00f6vel\u00e9s\u00e9hez:<\/strong>Adatokat gy\u0171jt arr\u00f3l, hogy \u00d6n hogyan haszn\u00e1lja a Port\u00e1lt. Google Analytics cookie-kat alkalmazunk, hogy min\u00e9l jobban meg\u00e9rts\u00fck felhaszn\u00e1l\u00f3ink viselked\u00e9s\u00e9t, jellemz\u0151it: mely aloldalakat, milyen rendszeress\u00e9ggel \u00e9s mennyi id\u0151re l\u00e1togattak meg. Ezek a cookie-k csak az \u00d6n sz\u00e1m\u00edt\u00f3g\u00e9p\u00e9t azonos\u00edtj\u00e1k, az adatok gy\u0171jt\u00e9se n\u00e9vtelen.<\/li>\n<li><strong>Funkcion\u00e1lis cookie-k:\u00a0<\/strong>Lehet\u0151v\u00e9 teszik, hogy a Port\u00e1l eml\u00e9kezzen az \u00d6n kor\u00e1bbi be\u00e1ll\u00edt\u00e1saira ez\u00e1ltal ny\u00fajtva min\u00e9l magasabb sz\u00ednvonal\u00fa, szem\u00e9lyre szabott szolg\u00e1ltat\u00e1st. Olyan szem\u00e9lyes adatokat is tartalmazhat, amelyeket \u00d6n adott meg az oldalunkon.<\/li>\n<li><strong>C\u00e9lzott cookie-k:\u00a0<\/strong>Lehet\u0151v\u00e9 teszik, hogy c\u00e9lzott, relev\u00e1ns hirdet\u00e9seket jelen\u00edts\u00fcnk meg az \u00d6n sz\u00e1m\u00e1ra. Tov\u00e1bb\u00e1 ezek a cookie-k teszik lehet\u0151v\u00e9 a k\u00f6z\u00f6ss\u00e9gi oldalakhoz t\u00f6rt\u00e9n\u0151 csatlakoz\u00e1st is. Csak az \u00d6n sz\u00e1m\u00edt\u00f3g\u00e9p\u00e9t azonos\u00edtj\u00e1k, az adatok gy\u0171jt\u00e9se n\u00e9vtelen.<\/li>\n<\/ul>\n<p>Haszn\u00e1lunk <strong>remarketing szolg\u00e1ltat\u00e1so<\/strong>kat, p\u00e9ld\u00e1ul a Google AdWords remarketing szolg\u00e1ltat\u00e1st is, az\u00e9rt, hogy szem\u00e9lyre szabott hirdet\u00e9seinket el tudjuk juttatni \u00d6nh\u00f6z. Ezeket a s\u00fctiket \u00d6n a Google hirdet\u00e9si be\u00e1ll\u00edt\u00e1sok kezel\u0151j\u00e9ben tilthatja le az ott tal\u00e1lhat\u00f3 utas\u00edt\u00e1sok szerint. A Google hirdet\u00e9sekkel kapcsolatos adatv\u00e9delmi ir\u00e1nyelveir\u0151l <a href=\"https:\/\/support.google.com\/adwordspolicy\/\">ide<\/a> kattintva t\u00e1j\u00e9koz\u00f3dhat.<\/p>\n","protected":false},"excerpt":{"rendered":"<p>A Port\u00e1l b\u00f6ng\u00e9sz\u00e9se sor\u00e1n cookie-kat, m\u00e1sn\u00e9ven s\u00fctiket, azaz kism\u00e9ret\u0171 egyedi sz\u00f6veges inform\u00e1ci\u00f3s f\u00e1jlokat helyez\u00fcnk el az \u00d6n sz\u00e1m\u00edt\u00f3g\u00e9p\u00e9nek b\u00f6ng\u00e9sz\u0151j\u00e9ben.<\/p>\n<p>A cookie-kat abb\u00f3l a c\u00e9lb\u00f3l kezelj\u00fck, hogy t\u00f6bbet megtudjunk az \u00d6n inform\u00e1ci\u00f3haszn\u00e1lati szok\u00e1sair\u00f3l \u00e9s \u00edgy, jav\u00edthassuk szolg\u00e1ltat\u00e1sai sz\u00ednvonal\u00e1t, valamint a Port\u00e1l l\u00e1togat\u00e1sa sor\u00e1n testreszabott oldalakat, marketing (rekl\u00e1m) anyagokat jelentessen meg.<\/p>\n<p>\u00d6nnek nem k\u00f6teles enged\u00e9lyezni a cookie elhelyez\u00e9s\u00e9t a sz\u00e1m\u00edt\u00f3g\u00e9p\u00e9n.<\/p>\n<p> <a href=\"https:\/\/dbh-group.com\/blog\/?page_id=17113&#038;lang=hu\">Read more<\/a><\/p>\n","protected":false},"author":27,"featured_media":0,"parent":0,"menu_order":0,"comment_status":"closed","ping_status":"closed","template":"","meta":{"_monsterinsights_skip_tracking":false,"_monsterinsights_sitenote_active":false,"_monsterinsights_sitenote_note":"","_monsterinsights_sitenote_category":0},"yoast_head":"<!-- This site is optimized with the Yoast SEO plugin v15.3 - https:\/\/yoast.com\/wordpress\/plugins\/seo\/ -->\n<meta name=\"robots\" content=\"index, follow, max-snippet:-1, max-image-preview:large, max-video-preview:-1\" \/>\n<link rel=\"canonical\" href=\"https:\/\/dbh-group.com\/blog\/?page_id=17113&#038;lang=hu\" \/>\n<meta property=\"og:locale\" content=\"en_US\" \/>\n<meta property=\"og:type\" content=\"article\" \/>\n<meta property=\"og:title\" content=\"Cookie T\u00e1j\u00e9koztat\u00f3 | DBH Group\" \/>\n<meta property=\"og:description\" content=\"A Port\u00e1l b\u00f6ng\u00e9sz\u00e9se sor\u00e1n cookie-kat, m\u00e1sn\u00e9ven s\u00fctiket, azaz kism\u00e9ret\u0171 egyedi sz\u00f6veges inform\u00e1ci\u00f3s f\u00e1jlokat helyez\u00fcnk el az \u00d6n sz\u00e1m\u00edt\u00f3g\u00e9p\u00e9nek b\u00f6ng\u00e9sz\u0151j\u00e9ben. A cookie-kat abb\u00f3l a c\u00e9lb\u00f3l kezelj\u00fck, hogy t\u00f6bbet megtudjunk az \u00d6n inform\u00e1ci\u00f3haszn\u00e1lati szok\u00e1sair\u00f3l \u00e9s \u00edgy, jav\u00edthassuk szolg\u00e1ltat\u00e1sai sz\u00ednvonal\u00e1t, valamint a Port\u00e1l l\u00e1togat\u00e1sa sor\u00e1n testreszabott oldalakat, marketing (rekl\u00e1m) anyagokat jelentessen meg. \u00d6nnek nem k\u00f6teles enged\u00e9lyezni a cookie elhelyez\u00e9s\u00e9t a sz\u00e1m\u00edt\u00f3g\u00e9p\u00e9n. Read more\" \/>\n<meta property=\"og:url\" content=\"https:\/\/dbh-group.com\/blog\/?page_id=17113&amp;lang=hu\" \/>\n<meta property=\"og:site_name\" content=\"DBH Group\" \/>\n<meta property=\"article:publisher\" content=\"https:\/\/www.facebook.com\/THEDBHGROUP\" \/>\n<meta property=\"article:modified_time\" content=\"2018-05-24T12:36:53+00:00\" \/>\n<meta name=\"twitter:card\" content=\"summary_large_image\" \/>\n<meta name=\"twitter:creator\" content=\"@dbhgroup\" \/>\n<meta name=\"twitter:site\" content=\"@dbhgroup\" \/>\n<meta name=\"twitter:label1\" content=\"Written by\">\n\t<meta name=\"twitter:data1\" content=\"Angiulli Enzo\">\n\t<meta name=\"twitter:label2\" content=\"Est. reading time\">\n\t<meta name=\"twitter:data2\" content=\"2 minutes\">\n<script type=\"application\/ld+json\" class=\"yoast-schema-graph\">{\"@context\":\"https:\/\/schema.org\",\"@graph\":[{\"@type\":\"WebSite\",\"@id\":\"https:\/\/dbh-group.com\/blog\/#website\",\"url\":\"https:\/\/dbh-group.com\/blog\/\",\"name\":\"DBH Group\",\"description\":\"Growing Business Together\",\"potentialAction\":[{\"@type\":\"SearchAction\",\"target\":\"https:\/\/dbh-group.com\/blog\/?s={search_term_string}\",\"query-input\":\"required name=search_term_string\"}],\"inLanguage\":\"en-US\"},{\"@type\":\"WebPage\",\"@id\":\"https:\/\/dbh-group.com\/blog\/?page_id=17113&lang=hu#webpage\",\"url\":\"https:\/\/dbh-group.com\/blog\/?page_id=17113&lang=hu\",\"name\":\"Cookie T\\u00e1j\\u00e9koztat\\u00f3 | DBH Group\",\"isPartOf\":{\"@id\":\"https:\/\/dbh-group.com\/blog\/#website\"},\"datePublished\":\"2018-05-24T12:17:26+00:00\",\"dateModified\":\"2018-05-24T12:36:53+00:00\",\"inLanguage\":\"en-US\",\"potentialAction\":[{\"@type\":\"ReadAction\",\"target\":[\"https:\/\/dbh-group.com\/blog\/?page_id=17113&lang=hu\"]}]}]}<\/script>\n<!-- \/ Yoast SEO plugin. -->","_links":{"self":[{"href":"https:\/\/dbh-group.com\/blog\/index.php?rest_route=\/wp\/v2\/pages\/17113"}],"collection":[{"href":"https:\/\/dbh-group.com\/blog\/index.php?rest_route=\/wp\/v2\/pages"}],"about":[{"href":"https:\/\/dbh-group.com\/blog\/index.php?rest_route=\/wp\/v2\/types\/page"}],"author":[{"embeddable":true,"href":"https:\/\/dbh-group.com\/blog\/index.php?rest_route=\/wp\/v2\/users\/27"}],"replies":[{"embeddable":true,"href":"https:\/\/dbh-group.com\/blog\/index.php?rest_route=%2Fwp%2Fv2%2Fcomments&post=17113"}],"version-history":[{"count":2,"href":"https:\/\/dbh-group.com\/blog\/index.php?rest_route=\/wp\/v2\/pages\/17113\/revisions"}],"predecessor-version":[{"id":17121,"href":"https:\/\/dbh-group.com\/blog\/index.php?rest_route=\/wp\/v2\/pages\/17113\/revisions\/17121"}],"wp:attachment":[{"href":"https:\/\/dbh-group.com\/blog\/index.php?rest_route=%2Fwp%2Fv2%2Fmedia&parent=17113"}],"curies":[{"name":"wp","href":"https:\/\/api.w.org\/{rel}","templated":true}]}}